{"id":47,"date":"2020-02-05T21:12:12","date_gmt":"2020-02-05T21:12:12","guid":{"rendered":"https:\/\/bipro.pl\/?page_id=47"},"modified":"2024-08-30T09:53:08","modified_gmt":"2024-08-30T09:53:08","slug":"firma","status":"publish","type":"page","link":"https:\/\/bipro.pl\/","title":{"rendered":""},"content":{"rendered":"\n<div class=\"wp-block-columns alignwide is-layout-flex wp-container-core-columns-is-layout-9d6595d7 wp-block-columns-is-layout-flex\">\n<div class=\"wp-block-column is-layout-flow wp-block-column-is-layout-flow\" style=\"flex-basis:100%\">\n<div class=\"wp-block-group\"><div class=\"wp-block-group__inner-container is-layout-constrained wp-block-group-is-layout-constrained\">\n<div class=\"wp-block-group\"><div class=\"wp-block-group__inner-container is-layout-constrained wp-block-group-is-layout-constrained\">\n<p style=\"font-size:12px\"><\/p>\n\n\n\n<p style=\"font-size:15px\"><\/p>\n\n\n\n<p style=\"font-size:15px\"><strong>BIPRO <\/strong>jako<strong> b<\/strong>iuro<strong> i<\/strong>n\u017cyniersko-<strong>pro<\/strong>jektowe oferuje us\u0142ugi w zakresie:<br>&#8211; doradztwa i prac studialnych w in\u017cynierii i ochronie \u015brodowiska,<br>&#8211; projektowania sieci i obiekt\u00f3w w gospodarce wodno-\u015bciekowej.<br>Wykonujemy kompleksow\u0105 dokumentacj\u0119 projektow\u0105 (programy og\u00f3lne, koncepcje programowo-przestrzenne, projekty budowlane i wykonawcze, operaty wodnoprawne) oraz prowadzimy sprawy formalno-prawne w imieniu Inwestora zwi\u0105zane z realizacj\u0105:<br>&#8211; sieci kanalizacyjnych wraz z obiektami gospodarki \u015bciekowej,<br>&#8211; sieci wodoci\u0105gowych wraz z obiektami wodoci\u0105gowymi,<br>&#8211; sieci kanalizacji deszczowej wraz z systemem podczyszczania \u015bciek\u00f3w,<br>&#8211; oczyszczalni \u015bciek\u00f3w komunalnych.<\/p>\n<\/div><\/div>\n\n\n\n<p style=\"font-size:15px\">W ramach wykonywanych projekt\u00f3w wykonujemy i koordynujemy opracowywanie kosztorys\u00f3w inwestorskich, przedmiar\u00f3w rob\u00f3t, specyfikacji technicznych wykonania i odbioru rob\u00f3t budowlanych.<\/p>\n<\/div><\/div>\n\n\n\n<p style=\"font-size:12px\"><span style=\"text-decoration: underline;\">adres do korespondencji:<\/span> <br>ul.Chrobrego 36A pok.208 | 80-423 Gda\u0144sk<br><a href=\"mailto:biuro@bipro.pl\">bipro@bipro.pl<\/a><\/p>\n<\/div>\n<\/div>\n","protected":false},"excerpt":{"rendered":"<p>BIPRO jako biuro in\u017cyniersko-projektowe oferuje us\u0142ugi w zakresie:&#8211; doradztwa i prac studialnych w in\u017cynierii i ochronie \u015brodowiska,&#8211; projektowania sieci i obiekt\u00f3w w gospodarce wodno-\u015bciekowej.Wykonujemy kompleksow\u0105 dokumentacj\u0119 projektow\u0105 (programy og\u00f3lne, koncepcje programowo-przestrzenne, projekty budowlane i wykonawcze, operaty wodnoprawne) oraz prowadzimy sprawy formalno-prawne w imieniu Inwestora zwi\u0105zane z realizacj\u0105:&#8211; sieci kanalizacyjnych wraz&#8230;<\/p>\n","protected":false},"author":1,"featured_media":0,"parent":0,"menu_order":0,"comment_status":"closed","ping_status":"closed","template":"","meta":{"footnotes":""},"class_list":["post-47","page","type-page","status-publish","hentry"],"_links":{"self":[{"href":"https:\/\/bipro.pl\/index.php?rest_route=\/wp\/v2\/pages\/47","targetHints":{"allow":["GET"]}}],"collection":[{"href":"https:\/\/bipro.pl\/index.php?rest_route=\/wp\/v2\/pages"}],"about":[{"href":"https:\/\/bipro.pl\/index.php?rest_route=\/wp\/v2\/types\/page"}],"author":[{"embeddable":true,"href":"https:\/\/bipro.pl\/index.php?rest_route=\/wp\/v2\/users\/1"}],"replies":[{"embeddable":true,"href":"https:\/\/bipro.pl\/index.php?rest_route=%2Fwp%2Fv2%2Fcomments&post=47"}],"version-history":[{"count":43,"href":"https:\/\/bipro.pl\/index.php?rest_route=\/wp\/v2\/pages\/47\/revisions"}],"predecessor-version":[{"id":262,"href":"https:\/\/bipro.pl\/index.php?rest_route=\/wp\/v2\/pages\/47\/revisions\/262"}],"wp:attachment":[{"href":"https:\/\/bipro.pl\/index.php?rest_route=%2Fwp%2Fv2%2Fmedia&parent=47"}],"curies":[{"name":"wp","href":"https:\/\/api.w.org\/{rel}","templated":true}]}}